{"id":6826,"date":"2023-07-08T03:43:42","date_gmt":"2023-07-07T23:13:42","guid":{"rendered":"https:\/\/artasun.com\/tr\/?post_type=product&#038;p=6826"},"modified":"2023-10-11T13:26:22","modified_gmt":"2023-10-11T09:56:22","slug":"printing-film-special","status":"publish","type":"product","link":"https:\/\/artasun.com\/tr\/product\/printing-film-special\/","title":{"rendered":"\u00d6zel Film Bas\u0131m\u0131"},"content":{"rendered":"<p>Bu firman\u0131n \u00d6zel Film Bas\u0131m\u0131, merkezi silindir retograf ve flekso makinelerinin kullan\u0131m\u0131 sayesinde benzersiz bask\u0131 kalitesi ile 6 renk bask\u0131 imkan\u0131 sunmaktad\u0131r.<\/p>\n<p>Makinelerimiz 40 ila 150 mikron kal\u0131nl\u0131k ve 50 ila 150 cm geni\u015flikteki her t\u00fcrl\u00fc plastik filme (<a href=\"https:\/\/artasun.com\/tr\/product\/shrink-film\/\" target=\"_blank\" rel=\"noopener\">shrink film<\/a>, <a href=\"https:\/\/artasun.com\/tr\/product\/protective-film\/\" target=\"_blank\" rel=\"noopener\">Koruyucu Film<\/a>, polietilen film) \u00e7e\u015fitli desen ve renklerde bask\u0131 yapabilmektedir.<\/p>\n<p><a href=\"https:\/\/artasun.com\/tr\/product\/printing-film-special\/\">\u00d6zel Film Bas\u0131m\u0131<\/a> ait daha fazla foto\u011fraf\u0131 <a href=\"https:\/\/artasun.com\/tr\/gallery\/\" target=\"_blank\" rel=\"noopener\">galeri<\/a> b\u00f6l\u00fcm\u00fcm\u00fczde g\u00f6rebilirsiniz.<\/p>\n","protected":false},"excerpt":{"rendered":"<ul>\n<li>\u0130htiya\u00e7lar\u0131n\u0131za uygun film bask\u0131s\u0131<\/li>\n<li>Farkl\u0131 tasar\u0131m ve renklerle bask\u0131<\/li>\n<li>Her t\u00fcrl\u00fc plastik filme bask\u0131<\/li>\n<li>Benzersiz bask\u0131 kalitesiyle 6 renk bask\u0131 imkan\u0131<\/li>\n<li>Geni\u015flik 50 ila 150 cm<\/li>\n<li>Kal\u0131nl\u0131k 40 ila 150 mikron<\/li>\n<\/ul>\n","protected":false},"featured_media":6871,"comment_status":"open","ping_status":"closed","template":"","meta":{"inline_featured_image":false},"product_cat":[405],"product_tag":[],"class_list":["post-6826","product","type-product","status-publish","has-post-thumbnail","hentry","product_cat-baski-filmi"],"yoast_head":"<!-- This site is optimized with the Yoast SEO Premium plugin v20.13 (Yoast SEO v20.13) - https:\/\/yoast.com\/wordpress\/plugins\/seo\/ -->\n<title>\u00d6zel Film Bas\u0131m\u0131 - Artasun Plast \u015firket<\/title>\n<meta name=\"description\" content=\"Artasun Plast \u00d6zel Film Bas\u0131m\u0131 \u00f6zel makine kullan\u0131m\u0131 sayesinde 6 renk bask\u0131 imkan\u0131na sahip ve benzersiz bask\u0131 kalitesiyle sat\u0131\u015fa sunulmaktad\u0131r.\" \/>\n<meta name=\"robots\" content=\"index, follow, max-snippet:-1, max-image-preview:large, max-video-preview:-1\" \/>\n<link rel=\"canonical\" href=\"https:\/\/artasun.com\/tr\/product\/printing-film-special\/\" \/>\n<meta property=\"og:locale\" content=\"tr_TR\" \/>\n<meta property=\"og:type\" content=\"article\" \/>\n<meta property=\"og:title\" content=\"\u00d6zel Film Bas\u0131m\u0131\" \/>\n<meta property=\"og:description\" content=\"Artasun Plast \u00d6zel Film Bas\u0131m\u0131 \u00f6zel makine kullan\u0131m\u0131 sayesinde 6 renk bask\u0131 imkan\u0131na sahip ve benzersiz bask\u0131 kalitesiyle sat\u0131\u015fa sunulmaktad\u0131r.\" \/>\n<meta property=\"og:url\" content=\"https:\/\/artasun.com\/tr\/product\/printing-film-special\/\" \/>\n<meta property=\"og:site_name\" content=\"Artasun Plast \u015firket\" \/>\n<meta property=\"article:modified_time\" content=\"2023-10-11T09:56:22+00:00\" \/>\n<meta property=\"og:image\" content=\"https:\/\/artasun.com\/tr\/wp-content\/uploads\/2023\/07\/printing-film-pic-artasun-plast-8.jpg\" \/>\n\t<meta property=\"og:image:width\" content=\"700\" \/>\n\t<meta property=\"og:image:height\" content=\"500\" \/>\n\t<meta property=\"og:image:type\" content=\"image\/jpeg\" \/>\n<meta name=\"twitter:card\" content=\"summary_large_image\" \/>\n<meta name=\"twitter:label1\" content=\"Fiyat\" \/>\n\t<meta name=\"twitter:data1\" content=\"0&nbsp;&#x062A;&#x0648;&#x0645;&#x0627;&#x0646;\" \/>\n\t<meta name=\"twitter:label2\" content=\"Durumu\" \/>\n\t<meta name=\"twitter:data2\" content=\"Stokta var\" \/>\n<script type=\"application\/ld+json\" class=\"yoast-schema-graph\">{\"@context\":\"https:\/\/schema.org\",\"@graph\":[{\"@type\":\"WebPage\",\"@id\":\"https:\/\/artasun.com\/tr\/product\/printing-film-special\/\",\"url\":\"https:\/\/artasun.com\/tr\/product\/printing-film-special\/\",\"name\":\"\u00d6zel Film Bas\u0131m\u0131 - Artasun Plast \u015firket\",\"isPartOf\":{\"@id\":\"https:\/\/artasun.com\/tr\/#website\"},\"datePublished\":\"2023-07-07T23:13:42+00:00\",\"dateModified\":\"2023-10-11T09:56:22+00:00\",\"description\":\"Artasun Plast \u00d6zel Film Bas\u0131m\u0131 \u00f6zel makine kullan\u0131m\u0131 sayesinde 6 renk bask\u0131 imkan\u0131na sahip ve benzersiz bask\u0131 kalitesiyle sat\u0131\u015fa sunulmaktad\u0131r.\",\"breadcrumb\":{\"@id\":\"https:\/\/artasun.com\/tr\/product\/printing-film-special\/#breadcrumb\"},\"inLanguage\":\"tr\",\"potentialAction\":[{\"@type\":\"ReadAction\",\"target\":[\"https:\/\/artasun.com\/tr\/product\/printing-film-special\/\"]}]},{\"@type\":\"BreadcrumbList\",\"@id\":\"https:\/\/artasun.com\/tr\/product\/printing-film-special\/#breadcrumb\",\"itemListElement\":[{\"@type\":\"ListItem\",\"position\":1,\"name\":\"Home\",\"item\":\"https:\/\/artasun.com\/tr\/\"},{\"@type\":\"ListItem\",\"position\":2,\"name\":\"\u00dcr\u00fcnler\",\"item\":\"https:\/\/artasun.com\/tr\/products\/\"},{\"@type\":\"ListItem\",\"position\":3,\"name\":\"\u00d6zel Film Bas\u0131m\u0131\"}]},{\"@type\":\"WebSite\",\"@id\":\"https:\/\/artasun.com\/tr\/#website\",\"url\":\"https:\/\/artasun.com\/tr\/\",\"name\":\"Artasun Plast\",\"description\":\"\",\"publisher\":{\"@id\":\"https:\/\/artasun.com\/tr\/#organization\"},\"alternateName\":\"\u0622\u0631\u062a\u0627\u0633\u0627\u0646 \u067e\u0644\u0627\u0633\u062a\",\"potentialAction\":[{\"@type\":\"SearchAction\",\"target\":{\"@type\":\"EntryPoint\",\"urlTemplate\":\"https:\/\/artasun.com\/tr\/?s={search_term_string}\"},\"query-input\":\"required name=search_term_string\"}],\"inLanguage\":\"tr\"},{\"@type\":\"Organization\",\"@id\":\"https:\/\/artasun.com\/tr\/#organization\",\"name\":\"Artasun Plast\",\"alternateName\":\"\u0622\u0631\u062a\u0627\u0633\u0627\u0646 \u067e\u0644\u0627\u0633\u062a\",\"url\":\"https:\/\/artasun.com\/tr\/\",\"logo\":{\"@type\":\"ImageObject\",\"inLanguage\":\"tr\",\"@id\":\"https:\/\/artasun.com\/tr\/#\/schema\/logo\/image\/\",\"url\":\"https:\/\/artasun.com\/tr\/wp-content\/uploads\/2023\/08\/Artasun-EN-LOGO.png\",\"contentUrl\":\"https:\/\/artasun.com\/tr\/wp-content\/uploads\/2023\/08\/Artasun-EN-LOGO.png\",\"width\":1281,\"height\":751,\"caption\":\"Artasun Plast\"},\"image\":{\"@id\":\"https:\/\/artasun.com\/tr\/#\/schema\/logo\/image\/\"}}]}<\/script>\n<meta property=\"product:price:amount\" content=\"0\" \/>\n<meta property=\"product:price:currency\" content=\"IRT\" \/>\n<meta property=\"og:availability\" content=\"instock\" \/>\n<meta property=\"product:availability\" content=\"instock\" \/>\n<meta property=\"product:condition\" content=\"new\" \/>\n<!-- \/ Yoast SEO Premium plugin. -->","yoast_head_json":{"title":"\u00d6zel Film Bas\u0131m\u0131 - Artasun Plast \u015firket","description":"Artasun Plast \u00d6zel Film Bas\u0131m\u0131 \u00f6zel makine kullan\u0131m\u0131 sayesinde 6 renk bask\u0131 imkan\u0131na sahip ve benzersiz bask\u0131 kalitesiyle sat\u0131\u015fa sunulmaktad\u0131r.","robots":{"index":"index","follow":"follow","max-snippet":"max-snippet:-1","max-image-preview":"max-image-preview:large","max-video-preview":"max-video-preview:-1"},"canonical":"https:\/\/artasun.com\/tr\/product\/printing-film-special\/","og_locale":"tr_TR","og_type":"article","og_title":"\u00d6zel Film Bas\u0131m\u0131","og_description":"Artasun Plast \u00d6zel Film Bas\u0131m\u0131 \u00f6zel makine kullan\u0131m\u0131 sayesinde 6 renk bask\u0131 imkan\u0131na sahip ve benzersiz bask\u0131 kalitesiyle sat\u0131\u015fa sunulmaktad\u0131r.","og_url":"https:\/\/artasun.com\/tr\/product\/printing-film-special\/","og_site_name":"Artasun Plast \u015firket","article_modified_time":"2023-10-11T09:56:22+00:00","og_image":[{"width":700,"height":500,"url":"https:\/\/artasun.com\/tr\/wp-content\/uploads\/2023\/07\/printing-film-pic-artasun-plast-8.jpg","type":"image\/jpeg"}],"twitter_card":"summary_large_image","twitter_misc":{"Fiyat":"0&nbsp;&#x062A;&#x0648;&#x0645;&#x0627;&#x0646;","Durumu":"Stokta var"},"schema":{"@context":"https:\/\/schema.org","@graph":[{"@type":"WebPage","@id":"https:\/\/artasun.com\/tr\/product\/printing-film-special\/","url":"https:\/\/artasun.com\/tr\/product\/printing-film-special\/","name":"\u00d6zel Film Bas\u0131m\u0131 - Artasun Plast \u015firket","isPartOf":{"@id":"https:\/\/artasun.com\/tr\/#website"},"datePublished":"2023-07-07T23:13:42+00:00","dateModified":"2023-10-11T09:56:22+00:00","description":"Artasun Plast \u00d6zel Film Bas\u0131m\u0131 \u00f6zel makine kullan\u0131m\u0131 sayesinde 6 renk bask\u0131 imkan\u0131na sahip ve benzersiz bask\u0131 kalitesiyle sat\u0131\u015fa sunulmaktad\u0131r.","breadcrumb":{"@id":"https:\/\/artasun.com\/tr\/product\/printing-film-special\/#breadcrumb"},"inLanguage":"tr","potentialAction":[{"@type":"ReadAction","target":["https:\/\/artasun.com\/tr\/product\/printing-film-special\/"]}]},{"@type":"BreadcrumbList","@id":"https:\/\/artasun.com\/tr\/product\/printing-film-special\/#breadcrumb","itemListElement":[{"@type":"ListItem","position":1,"name":"Home","item":"https:\/\/artasun.com\/tr\/"},{"@type":"ListItem","position":2,"name":"\u00dcr\u00fcnler","item":"https:\/\/artasun.com\/tr\/products\/"},{"@type":"ListItem","position":3,"name":"\u00d6zel Film Bas\u0131m\u0131"}]},{"@type":"WebSite","@id":"https:\/\/artasun.com\/tr\/#website","url":"https:\/\/artasun.com\/tr\/","name":"Artasun Plast","description":"","publisher":{"@id":"https:\/\/artasun.com\/tr\/#organization"},"alternateName":"\u0622\u0631\u062a\u0627\u0633\u0627\u0646 \u067e\u0644\u0627\u0633\u062a","potentialAction":[{"@type":"SearchAction","target":{"@type":"EntryPoint","urlTemplate":"https:\/\/artasun.com\/tr\/?s={search_term_string}"},"query-input":"required name=search_term_string"}],"inLanguage":"tr"},{"@type":"Organization","@id":"https:\/\/artasun.com\/tr\/#organization","name":"Artasun Plast","alternateName":"\u0622\u0631\u062a\u0627\u0633\u0627\u0646 \u067e\u0644\u0627\u0633\u062a","url":"https:\/\/artasun.com\/tr\/","logo":{"@type":"ImageObject","inLanguage":"tr","@id":"https:\/\/artasun.com\/tr\/#\/schema\/logo\/image\/","url":"https:\/\/artasun.com\/tr\/wp-content\/uploads\/2023\/08\/Artasun-EN-LOGO.png","contentUrl":"https:\/\/artasun.com\/tr\/wp-content\/uploads\/2023\/08\/Artasun-EN-LOGO.png","width":1281,"height":751,"caption":"Artasun Plast"},"image":{"@id":"https:\/\/artasun.com\/tr\/#\/schema\/logo\/image\/"}}]},"product_price_currency":"IRT","og_availability":"instock","product_availability":"instock","product_condition":"new"},"_links":{"self":[{"href":"https:\/\/artasun.com\/tr\/wp-json\/wp\/v3\/product\/6826","targetHints":{"allow":["GET"]}}],"collection":[{"href":"https:\/\/artasun.com\/tr\/wp-json\/wp\/v3\/product"}],"about":[{"href":"https:\/\/artasun.com\/tr\/wp-json\/wp\/v2\/types\/product"}],"replies":[{"embeddable":true,"href":"https:\/\/artasun.com\/tr\/wp-json\/wp\/v2\/comments?post=6826"}],"wp:featuredmedia":[{"embeddable":true,"href":"https:\/\/artasun.com\/tr\/wp-json\/wp\/v2\/media\/6871"}],"wp:attachment":[{"href":"https:\/\/artasun.com\/tr\/wp-json\/wp\/v2\/media?parent=6826"}],"wp:term":[{"taxonomy":"product_cat","embeddable":true,"href":"https:\/\/artasun.com\/tr\/wp-json\/wp\/v2\/product_cat?post=6826"},{"taxonomy":"product_tag","embeddable":true,"href":"https:\/\/artasun.com\/tr\/wp-json\/wp\/v2\/product_tag?post=6826"}],"curies":[{"name":"wp","href":"https:\/\/api.w.org\/{rel}","templated":true}]}}