{"id":6817,"date":"2023-07-07T15:40:43","date_gmt":"2023-07-07T11:10:43","guid":{"rendered":"https:\/\/artasun.com\/tr\/?post_type=product&#038;p=6817"},"modified":"2023-10-11T13:52:51","modified_gmt":"2023-10-11T10:22:51","slug":"power-stretch-film","status":"publish","type":"product","link":"https:\/\/artasun.com\/tr\/product\/power-stretch-film\/","title":{"rendered":"G\u00fc\u00e7 Stre\u00e7 Film"},"content":{"rendered":"<p>G\u00fc\u00e7 Stre\u00e7 Film , \u00fcretimde \u00f6zel hammadde kullan\u0131lmas\u0131ndan dolay\u0131 daha fazla avantaja sahip olup, y\u00fcksek esneme y\u00fczdesi ve b\u00fck\u00fcm h\u0131z\u0131na tolerans\u0131 nedeniyle y\u00fcksek \u00fcretim kapasitesine sahip stre\u00e7 palet makinelerinde kullan\u0131lmaktad\u0131r.<\/p>\n<p>Kal\u0131nl\u0131\u011f\u0131 20 ila 30 mikron, geni\u015fli\u011fi ise 50 ila 150 cm olup manuel olarak kullan\u0131labilir.<\/p>\n<p><a href=\"https:\/\/artasun.com\/tr\/product\/power-stretch-film\/\">G\u00fc\u00e7 Stre\u00e7 Film<\/a> ait daha fazla foto\u011fraf\u0131 <a href=\"https:\/\/artasun.com\/tr\/gallery\/\" target=\"_blank\" rel=\"noopener\">galeri<\/a> b\u00f6l\u00fcm\u00fcm\u00fczde g\u00f6rebilirsiniz.<\/p>\n","protected":false},"excerpt":{"rendered":"<ul>\n<li>20 mikrondan 40 mikrona kadar kal\u0131nl\u0131k<\/li>\n<li>10 cm&#8217;den 150 cm&#8217;ye kadar geni\u015flik<\/li>\n<li>Germe cihaz\u0131 i\u00e7in uygundur<\/li>\n<li>Ambalaj ve vidal\u0131 paletlere uygun<\/li>\n<li>Y\u00fcksek \u00e7ekme mukavemeti<\/li>\n<li>Y\u00fcksek b\u00fck\u00fcm h\u0131z\u0131na tolerans<\/li>\n<li>G\u00fcne\u015fin ultraviyole \u0131\u015f\u0131nlar\u0131na kar\u015f\u0131 dayan\u0131kl\u0131d\u0131r<\/li>\n<li>Toz ve nem giri\u015fini \u00f6nleyin<\/li>\n<li>Manuel ve mekanik olarak kullan\u0131labilir<\/li>\n<\/ul>\n","protected":false},"featured_media":6835,"comment_status":"open","ping_status":"closed","template":"","meta":{"inline_featured_image":false},"product_cat":[395,396],"product_tag":[],"class_list":["post-6817","product","type-product","status-publish","has-post-thumbnail","hentry","product_cat-endustriyel-strec-film","product_cat-guc-strec-film","pa_genislik-10-to-150-cm","pa_kalinlik-20-to-40-microns"],"yoast_head":"<!-- This site is optimized with the Yoast SEO Premium plugin v20.13 (Yoast SEO v20.13) - https:\/\/yoast.com\/wordpress\/plugins\/seo\/ -->\n<title>G\u00fc\u00e7 Stre\u00e7 Film - Artasun Plast \u015firket<\/title>\n<meta name=\"description\" content=\"G\u00fc\u00e7 Stre\u00e7 Film , \u00f6zel hammadde kullan\u0131lmas\u0131 ve y\u00fcksek \u00e7ekme mukavemeti ve y\u00fcksek b\u00fck\u00fcm h\u0131z\u0131 tolerans\u0131 nedeniyle palet cihazlar\u0131nda kullan\u0131lmaktad\u0131r.\" \/>\n<meta name=\"robots\" content=\"index, follow, max-snippet:-1, max-image-preview:large, max-video-preview:-1\" \/>\n<link rel=\"canonical\" href=\"https:\/\/artasun.com\/tr\/product\/power-stretch-film\/\" \/>\n<meta property=\"og:locale\" content=\"tr_TR\" \/>\n<meta property=\"og:type\" content=\"article\" \/>\n<meta property=\"og:title\" content=\"G\u00fc\u00e7 Stre\u00e7 Film\" \/>\n<meta property=\"og:description\" content=\"G\u00fc\u00e7 Stre\u00e7 Film , \u00f6zel hammadde kullan\u0131lmas\u0131 ve y\u00fcksek \u00e7ekme mukavemeti ve y\u00fcksek b\u00fck\u00fcm h\u0131z\u0131 tolerans\u0131 nedeniyle palet cihazlar\u0131nda kullan\u0131lmaktad\u0131r.\" \/>\n<meta property=\"og:url\" content=\"https:\/\/artasun.com\/tr\/product\/power-stretch-film\/\" \/>\n<meta property=\"og:site_name\" content=\"Artasun Plast \u015firket\" \/>\n<meta property=\"article:modified_time\" content=\"2023-10-11T10:22:51+00:00\" \/>\n<meta property=\"og:image\" content=\"https:\/\/artasun.com\/tr\/wp-content\/uploads\/2023\/07\/power-stretch-film-pic-artasun-plast-3.jpg\" \/>\n\t<meta property=\"og:image:width\" content=\"349\" \/>\n\t<meta property=\"og:image:height\" content=\"400\" \/>\n\t<meta property=\"og:image:type\" content=\"image\/jpeg\" \/>\n<meta name=\"twitter:card\" content=\"summary_large_image\" \/>\n<meta name=\"twitter:label1\" content=\"Fiyat\" \/>\n\t<meta name=\"twitter:data1\" content=\"0&nbsp;&#x062A;&#x0648;&#x0645;&#x0627;&#x0646;\" \/>\n\t<meta name=\"twitter:label2\" content=\"Durumu\" \/>\n\t<meta name=\"twitter:data2\" content=\"Stokta var\" \/>\n<script type=\"application\/ld+json\" class=\"yoast-schema-graph\">{\"@context\":\"https:\/\/schema.org\",\"@graph\":[{\"@type\":\"WebPage\",\"@id\":\"https:\/\/artasun.com\/tr\/product\/power-stretch-film\/\",\"url\":\"https:\/\/artasun.com\/tr\/product\/power-stretch-film\/\",\"name\":\"G\u00fc\u00e7 Stre\u00e7 Film - Artasun Plast \u015firket\",\"isPartOf\":{\"@id\":\"https:\/\/artasun.com\/tr\/#website\"},\"datePublished\":\"2023-07-07T11:10:43+00:00\",\"dateModified\":\"2023-10-11T10:22:51+00:00\",\"description\":\"G\u00fc\u00e7 Stre\u00e7 Film , \u00f6zel hammadde kullan\u0131lmas\u0131 ve y\u00fcksek \u00e7ekme mukavemeti ve y\u00fcksek b\u00fck\u00fcm h\u0131z\u0131 tolerans\u0131 nedeniyle palet cihazlar\u0131nda kullan\u0131lmaktad\u0131r.\",\"breadcrumb\":{\"@id\":\"https:\/\/artasun.com\/tr\/product\/power-stretch-film\/#breadcrumb\"},\"inLanguage\":\"tr\",\"potentialAction\":[{\"@type\":\"ReadAction\",\"target\":[\"https:\/\/artasun.com\/tr\/product\/power-stretch-film\/\"]}]},{\"@type\":\"BreadcrumbList\",\"@id\":\"https:\/\/artasun.com\/tr\/product\/power-stretch-film\/#breadcrumb\",\"itemListElement\":[{\"@type\":\"ListItem\",\"position\":1,\"name\":\"Home\",\"item\":\"https:\/\/artasun.com\/tr\/\"},{\"@type\":\"ListItem\",\"position\":2,\"name\":\"\u00dcr\u00fcnler\",\"item\":\"https:\/\/artasun.com\/tr\/products\/\"},{\"@type\":\"ListItem\",\"position\":3,\"name\":\"G\u00fc\u00e7 Stre\u00e7 Film\"}]},{\"@type\":\"WebSite\",\"@id\":\"https:\/\/artasun.com\/tr\/#website\",\"url\":\"https:\/\/artasun.com\/tr\/\",\"name\":\"Artasun Plast\",\"description\":\"\",\"publisher\":{\"@id\":\"https:\/\/artasun.com\/tr\/#organization\"},\"alternateName\":\"\u0622\u0631\u062a\u0627\u0633\u0627\u0646 \u067e\u0644\u0627\u0633\u062a\",\"potentialAction\":[{\"@type\":\"SearchAction\",\"target\":{\"@type\":\"EntryPoint\",\"urlTemplate\":\"https:\/\/artasun.com\/tr\/?s={search_term_string}\"},\"query-input\":\"required name=search_term_string\"}],\"inLanguage\":\"tr\"},{\"@type\":\"Organization\",\"@id\":\"https:\/\/artasun.com\/tr\/#organization\",\"name\":\"Artasun Plast\",\"alternateName\":\"\u0622\u0631\u062a\u0627\u0633\u0627\u0646 \u067e\u0644\u0627\u0633\u062a\",\"url\":\"https:\/\/artasun.com\/tr\/\",\"logo\":{\"@type\":\"ImageObject\",\"inLanguage\":\"tr\",\"@id\":\"https:\/\/artasun.com\/tr\/#\/schema\/logo\/image\/\",\"url\":\"https:\/\/artasun.com\/tr\/wp-content\/uploads\/2023\/08\/Artasun-EN-LOGO.png\",\"contentUrl\":\"https:\/\/artasun.com\/tr\/wp-content\/uploads\/2023\/08\/Artasun-EN-LOGO.png\",\"width\":1281,\"height\":751,\"caption\":\"Artasun Plast\"},\"image\":{\"@id\":\"https:\/\/artasun.com\/tr\/#\/schema\/logo\/image\/\"}}]}<\/script>\n<meta property=\"product:price:amount\" content=\"0\" \/>\n<meta property=\"product:price:currency\" content=\"IRT\" \/>\n<meta property=\"og:availability\" content=\"instock\" \/>\n<meta property=\"product:availability\" content=\"instock\" \/>\n<meta property=\"product:condition\" content=\"new\" \/>\n<!-- \/ Yoast SEO Premium plugin. -->","yoast_head_json":{"title":"G\u00fc\u00e7 Stre\u00e7 Film - Artasun Plast \u015firket","description":"G\u00fc\u00e7 Stre\u00e7 Film , \u00f6zel hammadde kullan\u0131lmas\u0131 ve y\u00fcksek \u00e7ekme mukavemeti ve y\u00fcksek b\u00fck\u00fcm h\u0131z\u0131 tolerans\u0131 nedeniyle palet cihazlar\u0131nda kullan\u0131lmaktad\u0131r.","robots":{"index":"index","follow":"follow","max-snippet":"max-snippet:-1","max-image-preview":"max-image-preview:large","max-video-preview":"max-video-preview:-1"},"canonical":"https:\/\/artasun.com\/tr\/product\/power-stretch-film\/","og_locale":"tr_TR","og_type":"article","og_title":"G\u00fc\u00e7 Stre\u00e7 Film","og_description":"G\u00fc\u00e7 Stre\u00e7 Film , \u00f6zel hammadde kullan\u0131lmas\u0131 ve y\u00fcksek \u00e7ekme mukavemeti ve y\u00fcksek b\u00fck\u00fcm h\u0131z\u0131 tolerans\u0131 nedeniyle palet cihazlar\u0131nda kullan\u0131lmaktad\u0131r.","og_url":"https:\/\/artasun.com\/tr\/product\/power-stretch-film\/","og_site_name":"Artasun Plast \u015firket","article_modified_time":"2023-10-11T10:22:51+00:00","og_image":[{"width":349,"height":400,"url":"https:\/\/artasun.com\/tr\/wp-content\/uploads\/2023\/07\/power-stretch-film-pic-artasun-plast-3.jpg","type":"image\/jpeg"}],"twitter_card":"summary_large_image","twitter_misc":{"Fiyat":"0&nbsp;&#x062A;&#x0648;&#x0645;&#x0627;&#x0646;","Durumu":"Stokta var"},"schema":{"@context":"https:\/\/schema.org","@graph":[{"@type":"WebPage","@id":"https:\/\/artasun.com\/tr\/product\/power-stretch-film\/","url":"https:\/\/artasun.com\/tr\/product\/power-stretch-film\/","name":"G\u00fc\u00e7 Stre\u00e7 Film - Artasun Plast \u015firket","isPartOf":{"@id":"https:\/\/artasun.com\/tr\/#website"},"datePublished":"2023-07-07T11:10:43+00:00","dateModified":"2023-10-11T10:22:51+00:00","description":"G\u00fc\u00e7 Stre\u00e7 Film , \u00f6zel hammadde kullan\u0131lmas\u0131 ve y\u00fcksek \u00e7ekme mukavemeti ve y\u00fcksek b\u00fck\u00fcm h\u0131z\u0131 tolerans\u0131 nedeniyle palet cihazlar\u0131nda kullan\u0131lmaktad\u0131r.","breadcrumb":{"@id":"https:\/\/artasun.com\/tr\/product\/power-stretch-film\/#breadcrumb"},"inLanguage":"tr","potentialAction":[{"@type":"ReadAction","target":["https:\/\/artasun.com\/tr\/product\/power-stretch-film\/"]}]},{"@type":"BreadcrumbList","@id":"https:\/\/artasun.com\/tr\/product\/power-stretch-film\/#breadcrumb","itemListElement":[{"@type":"ListItem","position":1,"name":"Home","item":"https:\/\/artasun.com\/tr\/"},{"@type":"ListItem","position":2,"name":"\u00dcr\u00fcnler","item":"https:\/\/artasun.com\/tr\/products\/"},{"@type":"ListItem","position":3,"name":"G\u00fc\u00e7 Stre\u00e7 Film"}]},{"@type":"WebSite","@id":"https:\/\/artasun.com\/tr\/#website","url":"https:\/\/artasun.com\/tr\/","name":"Artasun Plast","description":"","publisher":{"@id":"https:\/\/artasun.com\/tr\/#organization"},"alternateName":"\u0622\u0631\u062a\u0627\u0633\u0627\u0646 \u067e\u0644\u0627\u0633\u062a","potentialAction":[{"@type":"SearchAction","target":{"@type":"EntryPoint","urlTemplate":"https:\/\/artasun.com\/tr\/?s={search_term_string}"},"query-input":"required name=search_term_string"}],"inLanguage":"tr"},{"@type":"Organization","@id":"https:\/\/artasun.com\/tr\/#organization","name":"Artasun Plast","alternateName":"\u0622\u0631\u062a\u0627\u0633\u0627\u0646 \u067e\u0644\u0627\u0633\u062a","url":"https:\/\/artasun.com\/tr\/","logo":{"@type":"ImageObject","inLanguage":"tr","@id":"https:\/\/artasun.com\/tr\/#\/schema\/logo\/image\/","url":"https:\/\/artasun.com\/tr\/wp-content\/uploads\/2023\/08\/Artasun-EN-LOGO.png","contentUrl":"https:\/\/artasun.com\/tr\/wp-content\/uploads\/2023\/08\/Artasun-EN-LOGO.png","width":1281,"height":751,"caption":"Artasun Plast"},"image":{"@id":"https:\/\/artasun.com\/tr\/#\/schema\/logo\/image\/"}}]},"product_price_currency":"IRT","og_availability":"instock","product_availability":"instock","product_condition":"new"},"_links":{"self":[{"href":"https:\/\/artasun.com\/tr\/wp-json\/wp\/v3\/product\/6817","targetHints":{"allow":["GET"]}}],"collection":[{"href":"https:\/\/artasun.com\/tr\/wp-json\/wp\/v3\/product"}],"about":[{"href":"https:\/\/artasun.com\/tr\/wp-json\/wp\/v2\/types\/product"}],"replies":[{"embeddable":true,"href":"https:\/\/artasun.com\/tr\/wp-json\/wp\/v2\/comments?post=6817"}],"wp:featuredmedia":[{"embeddable":true,"href":"https:\/\/artasun.com\/tr\/wp-json\/wp\/v2\/media\/6835"}],"wp:attachment":[{"href":"https:\/\/artasun.com\/tr\/wp-json\/wp\/v2\/media?parent=6817"}],"wp:term":[{"taxonomy":"product_cat","embeddable":true,"href":"https:\/\/artasun.com\/tr\/wp-json\/wp\/v2\/product_cat?post=6817"},{"taxonomy":"product_tag","embeddable":true,"href":"https:\/\/artasun.com\/tr\/wp-json\/wp\/v2\/product_tag?post=6817"}],"curies":[{"name":"wp","href":"https:\/\/api.w.org\/{rel}","templated":true}]}}